{"id":522,"date":"2026-01-13T22:03:08","date_gmt":"2026-01-13T22:03:08","guid":{"rendered":"https:\/\/neurologen-augsburg.de\/?page_id=522"},"modified":"2026-03-02T22:28:10","modified_gmt":"2026-03-02T22:28:10","slug":"termin","status":"publish","type":"page","link":"https:\/\/neurologen-augsburg.de\/?page_id=522","title":{"rendered":"Termine"},"content":{"rendered":"\n<h1 class=\"wp-block-heading\">Ihr Termin bei uns<\/h1>\n\n\n\n<br>\n\n\n\n<p>Terminvergabe:<\/p>\n\n\n\r\n\t\t<div  class=\"block-3f5b017d-9a1e-4863-aa87-06c5a8e457c1 card-group\">\r\n\t\t\t\n\r\n\t\t<div  class=\"block-b80fc389-ada7-4069-95a2-a5ab7be6837b card\">\r\n\t\t\t\n\r\n\t\t<div  class=\"block-657d9419-c0e6-457c-af81-034ebfb89459 card-header\">\r\n\t\t\t\n\n<p>Telefonisch<\/p>\n\n \r\n\t\t<\/div>\r\n\t\n\n\r\n\t\t<div  class=\"block-6a2e6d03-b375-4c7a-8b33-cefc1baadd65 card-body\">\r\n\t\t\t\n\n<p>unter der Nummer <strong>0821 510400<\/strong><\/p>\n\n \r\n\t\t<\/div>\r\n\t\n \r\n\t\t<\/div>\r\n\t\n\n\r\n\t\t<div  class=\"block-6c36abe3-9dd4-411f-8fb0-6c8201f980f9 card\">\r\n\t\t\t\n\r\n\t\t<div  class=\"block-ef311cf7-4b5e-4cc0-a912-5a72bee95095 card-header\">\r\n\t\t\t\n\n<p>\u00dcber doctolib<\/p>\n\n \r\n\t\t<\/div>\r\n\t\n\n\r\n\t\t<div  class=\"block-2f52744f-4804-43b5-aacc-4a70f39399bf card-body\">\r\n\t\t\t\n\r\n\t\t\t\t\r\n\t\t<a \r\n\t\t\t\r\n\t\t\tclass=\"block-57409fd0-884b-40f8-8442-673277122bbb btn areoi-has-url position-relative btn-doclib btn-primary Medium\"\r\n\t href=\"https:\/\/www.doctolib.de\/gemeinschaftspraxis\/augsburg\/praxis-fuer-neurologie-augsburg?utm_campaign=website-button&#038;utm_source=online-booking&#038;utm_medium=referral\" rel=\"noreferrer noopener\" target=\"_blank\" \r\n\t\t\tdata-bs-placement=\"top\"\r\n\t\t\tdata-bs-toggle=\"tooltip\"\r\n\t\t\tdata-bs-html=\"true\"\t\r\n\t\t\ttitle=\"ibibo\"\r\n\t\t>\r\n\t\t\t\t\t\r\n\t\t\t<i class=\"bi-calendar2-date me-3 align-middle \" style=\"font-size: 24px;\"><\/i>\r\n\t\t\r\n\t\t\t\t\tTermin buchen \r\n\t\t\t\t\t\r\n\t\t\t\t\t \r\n\t\t\t\t<\/a>\r\n\t\t\t\n \r\n\t\t<\/div>\r\n\t\n \r\n\t\t<\/div>\r\n\t\n \r\n\t\t<\/div>\r\n\t\n\n\n<br>\n\n\n\r\n\t\t<div  class=\"block-657af664-a792-41e8-b7ca-db9efae12645 accordion\">\r\n\t\t\t\n\r\n\t\t<div  class=\"block-4c03014c-c2a8-48c8-899c-1819c243c058 accordion-item\">\r\n\r\n\t\t\t<h3 \r\n\t\t\t\tclass=\"accordion-header\" \r\n\t\t\t\tid=\"block-4c03014c-c2a8-48c8-899c-1819c243c058-header\"\r\n\t\t\t>\r\n\t\t\t\t<button \r\n\t\t\t\t\tclass=\"accordion-button collapsed\" \r\n\t\t\t\t\ttype=\"button\" \r\n\t\t\t\t\tdata-bs-toggle=\"collapse\" \r\n\t\t\t\t\tdata-bs-target=\"#block-4c03014c-c2a8-48c8-899c-1819c243c058-collapse\" \r\n\t\t\t\t\taria-expanded=\"false\" \r\n\t\t\t\t\taria-controls=\"block-4c03014c-c2a8-48c8-899c-1819c243c058-collapse\"\r\n\t\t\t\t>\r\n\t\t\t\t\tInformationen f\u00fcr Neupatienten\r\n\t\t\t\t<\/button>\r\n\t\t\t<\/h3>\r\n\r\n\t\t\t<div \r\n\t\t\t\tid=\"block-4c03014c-c2a8-48c8-899c-1819c243c058-collapse\" \r\n\t\t\t\tclass=\"accordion-collapse collapse\" \r\n\t\t\t\taria-labelledby=\"block-4c03014c-c2a8-48c8-899c-1819c243c058-header\"\r\n\t\t\t\tdata-bs-parent=\".block-657af664-a792-41e8-b7ca-db9efae12645\"\r\n\t\t\t>\r\n\t\t\t\t<div class=\"accordion-body\">\r\n\t\t\t\t\t\n\n<p>Bitte bringen Sie zum Termin mit:<\/p>\n\n\n\n<ul class=\"wp-block-list\">\n<li>\u00dcberweisungsschein vom Hausarzt, bei Notf\u00e4llen mit der Kennzeichnung \u201eT\u201c<\/li>\n\n\n\n<li>Vorbefunde\/Arztberichte fr\u00fcherer station\u00e4rer oder ambulanter Behandlungen in Kliniken oder anderen Praxen<\/li>\n\n\n\n<li>Radiologische Befunde und Bilder<\/li>\n\n\n\n<li>aktueller Medikamentenplan<\/li>\n\n\n\n<li>aktuelle Laborwerte<\/li>\n\n\n\n<li>Wenn Sie nicht ausreichend Deutsch sprechen, ist zwingend ein Dolmetscher erforderlich, da der Termin sonst nicht stattfinden kann.<\/li>\n<\/ul>\n\n\n\n<p>Gerne k\u00f6nnen Sie &#8211; um ggf. Wartezeiten in der Praxis zu verk\u00fcrzen &#8211; die beiden Onlineformulare ausdrucken und ausgef\u00fcllt zum Termin mitbringen:<\/p>\n\n\n\n<div class=\"wp-block-group is-nowrap is-layout-flex wp-container-core-group-is-layout-ad2f72ca wp-block-group-is-layout-flex\">\r\n\t\t\t\t\r\n\t\t<a \r\n\t\t\t\r\n\t\t\tclass=\"block-67f9a664-6145-43f4-80f4-46386b4251c8 btn areoi-has-url position-relative btn-standard btn-success\"\r\n\t href=\"https:\/\/neurologen-augsburg.de\/wp-content\/uploads\/2026\/01\/Patientenfragebogen.pdf\" rel=\"noreferrer noopener\" target=\"_blank\" >\r\n\t\t\t\t\t\r\n\t\t\t\t\tFragebogen \r\n\t\t\t\t\t\r\n\t\t\t\t\t \r\n\t\t\t\t<\/a>\r\n\t\t\t\n\n\r\n\t\t\t\t\r\n\t\t<a \r\n\t\t\t\r\n\t\t\tclass=\"block-46fff2c0-9d1a-45ea-af50-d1dff28a0f83 btn areoi-has-url position-relative btn-standard btn-success text-nowrap\"\r\n\t href=\"https:\/\/neurologen-augsburg.de\/wp-content\/uploads\/2026\/01\/Datenschutz.pdf\" rel=\"noreferrer noopener\" target=\"_blank\" >\r\n\t\t\t\t\t\r\n\t\t\t\t\tDatenschutz \r\n\t\t\t\t\t\r\n\t\t\t\t\t \r\n\t\t\t\t<\/a>\r\n\t\t\t<\/div>\n\n \r\n\t\t\t\t<\/div>\r\n\t\t\t<\/div>\r\n\t\t<\/div>\r\n\t\n\n\r\n\t\t<div  class=\"block-b4ee0755-2388-4908-ba75-fe25534fcb19 accordion-item\">\r\n\r\n\t\t\t<h3 \r\n\t\t\t\tclass=\"accordion-header\" \r\n\t\t\t\tid=\"block-b4ee0755-2388-4908-ba75-fe25534fcb19-header\"\r\n\t\t\t>\r\n\t\t\t\t<button \r\n\t\t\t\t\tclass=\"accordion-button collapsed\" \r\n\t\t\t\t\ttype=\"button\" \r\n\t\t\t\t\tdata-bs-toggle=\"collapse\" \r\n\t\t\t\t\tdata-bs-target=\"#block-b4ee0755-2388-4908-ba75-fe25534fcb19-collapse\" \r\n\t\t\t\t\taria-expanded=\"false\" \r\n\t\t\t\t\taria-controls=\"block-b4ee0755-2388-4908-ba75-fe25534fcb19-collapse\"\r\n\t\t\t\t>\r\n\t\t\t\t\tTerminabsage\r\n\t\t\t\t<\/button>\r\n\t\t\t<\/h3>\r\n\r\n\t\t\t<div \r\n\t\t\t\tid=\"block-b4ee0755-2388-4908-ba75-fe25534fcb19-collapse\" \r\n\t\t\t\tclass=\"accordion-collapse collapse\" \r\n\t\t\t\taria-labelledby=\"block-b4ee0755-2388-4908-ba75-fe25534fcb19-header\"\r\n\t\t\t\tdata-bs-parent=\".block-657af664-a792-41e8-b7ca-db9efae12645\"\r\n\t\t\t>\r\n\t\t\t\t<div class=\"accordion-body\">\r\n\t\t\t\t\t\n\n<p>Wenn Sie an einem Termin verhindert sind, sagen Sie uns bitte sp\u00e4testens 24 Stunden vorher den Termin ab. Sie k\u00f6nnen hierzu eine E-Mail an <a href=\"mailto:info@neurologen-augsburg.de\">info@neurologen-augsburg.de<\/a> schicken oder sich telefonisch mit uns unter der 0821 510400 benachrichtigen. <\/p>\n\n\n\n<p>Bei Terminbuchung \u00fcber <strong>doctolib <\/strong>bitten wir Sie, \u00fcber die Seite von <strong>doctolib <\/strong>den Termin abzusagen<\/p>\n\n \r\n\t\t\t\t<\/div>\r\n\t\t\t<\/div>\r\n\t\t<\/div>\r\n\t\n\n\r\n\t\t<div  class=\"block-7d2ada6b-8dc4-4185-bf6b-0d178bf6d7da accordion-item\">\r\n\r\n\t\t\t<h3 \r\n\t\t\t\tclass=\"accordion-header\" \r\n\t\t\t\tid=\"block-7d2ada6b-8dc4-4185-bf6b-0d178bf6d7da-header\"\r\n\t\t\t>\r\n\t\t\t\t<button \r\n\t\t\t\t\tclass=\"accordion-button collapsed\" \r\n\t\t\t\t\ttype=\"button\" \r\n\t\t\t\t\tdata-bs-toggle=\"collapse\" \r\n\t\t\t\t\tdata-bs-target=\"#block-7d2ada6b-8dc4-4185-bf6b-0d178bf6d7da-collapse\" \r\n\t\t\t\t\taria-expanded=\"false\" \r\n\t\t\t\t\taria-controls=\"block-7d2ada6b-8dc4-4185-bf6b-0d178bf6d7da-collapse\"\r\n\t\t\t\t>\r\n\t\t\t\t\tNotf\u00e4lle\r\n\t\t\t\t<\/button>\r\n\t\t\t<\/h3>\r\n\r\n\t\t\t<div \r\n\t\t\t\tid=\"block-7d2ada6b-8dc4-4185-bf6b-0d178bf6d7da-collapse\" \r\n\t\t\t\tclass=\"accordion-collapse collapse\" \r\n\t\t\t\taria-labelledby=\"block-7d2ada6b-8dc4-4185-bf6b-0d178bf6d7da-header\"\r\n\t\t\t\tdata-bs-parent=\".block-657af664-a792-41e8-b7ca-db9efae12645\"\r\n\t\t\t>\r\n\t\t\t\t<div class=\"accordion-body\">\r\n\t\t\t\t\t\n\n<p>Wir bem\u00fchen uns trotz voller Terminkalender, f\u00fcr Notf\u00e4lle kurzfristige Termine (nur Hausarztvermittlungsf\u00e4lle) zu vergeben. In dringenden F\u00e4llen melden Sie sich bitte vorab bei <strong>Ihrem Hausarzt\/ihrer Haus\u00e4rztin<\/strong>. Die Hausarztpraxis wird sich dann direkt mit uns in Verbindung setzen und einen Termin vereinbaren.<\/p>\n\n \r\n\t\t\t\t<\/div>\r\n\t\t\t<\/div>\r\n\t\t<\/div>\r\n\t\n\n\r\n\t\t<div  class=\"block-376e49cb-bb54-4d80-b1f4-18decc9121db accordion-item\">\r\n\r\n\t\t\t<h3 \r\n\t\t\t\tclass=\"accordion-header\" \r\n\t\t\t\tid=\"block-376e49cb-bb54-4d80-b1f4-18decc9121db-header\"\r\n\t\t\t>\r\n\t\t\t\t<button \r\n\t\t\t\t\tclass=\"accordion-button collapsed\" \r\n\t\t\t\t\ttype=\"button\" \r\n\t\t\t\t\tdata-bs-toggle=\"collapse\" \r\n\t\t\t\t\tdata-bs-target=\"#block-376e49cb-bb54-4d80-b1f4-18decc9121db-collapse\" \r\n\t\t\t\t\taria-expanded=\"false\" \r\n\t\t\t\t\taria-controls=\"block-376e49cb-bb54-4d80-b1f4-18decc9121db-collapse\"\r\n\t\t\t\t>\r\n\t\t\t\t\tAnfahrt\r\n\t\t\t\t<\/button>\r\n\t\t\t<\/h3>\r\n\r\n\t\t\t<div \r\n\t\t\t\tid=\"block-376e49cb-bb54-4d80-b1f4-18decc9121db-collapse\" \r\n\t\t\t\tclass=\"accordion-collapse collapse\" \r\n\t\t\t\taria-labelledby=\"block-376e49cb-bb54-4d80-b1f4-18decc9121db-header\"\r\n\t\t\t\tdata-bs-parent=\".block-657af664-a792-41e8-b7ca-db9efae12645\"\r\n\t\t\t>\r\n\t\t\t\t<div class=\"accordion-body\">\r\n\t\t\t\t\t\n\n<iframe src=\"https:\/\/www.google.com\/maps\/embed?pb=!1m18!1m12!1m3!1d6164.32625582856!2d10.8877718!3d48.3657247!2m3!1f0!2f0!3f0!3m2!1i1024!2i768!4f13.1!3m3!1m2!1s0x6441316a530ab17d%3A0xd3ef248656af06ac!2sNeurologische%20Praxis%20Dr.%20Doreen%20Gentner!5e1!3m2!1sde!2sde!4v1772490076413!5m2!1sde!2sde\" width=\"100%\" height=\"450px\" style=\"border:0;\" allowfullscreen=\"\" loading=\"lazy\" referrerpolicy=\"no-referrer-when-downgrade\"><\/iframe>\n\n \r\n\t\t\t\t<\/div>\r\n\t\t\t<\/div>\r\n\t\t<\/div>\r\n\t\n \r\n\t\t<\/div>\r\n\t\n\n\n<p><\/p>\n","protected":false},"excerpt":{"rendered":"<p>Ihr Termin bei uns Terminvergabe:<\/p>\n","protected":false},"author":1,"featured_media":0,"parent":0,"menu_order":0,"comment_status":"closed","ping_status":"closed","template":"","meta":{"footnotes":""},"class_list":["post-522","page","type-page","status-publish","hentry"],"_links":{"self":[{"href":"https:\/\/neurologen-augsburg.de\/index.php?rest_route=\/wp\/v2\/pages\/522","targetHints":{"allow":["GET"]}}],"collection":[{"href":"https:\/\/neurologen-augsburg.de\/index.php?rest_route=\/wp\/v2\/pages"}],"about":[{"href":"https:\/\/neurologen-augsburg.de\/index.php?rest_route=\/wp\/v2\/types\/page"}],"author":[{"embeddable":true,"href":"https:\/\/neurologen-augsburg.de\/index.php?rest_route=\/wp\/v2\/users\/1"}],"replies":[{"embeddable":true,"href":"https:\/\/neurologen-augsburg.de\/index.php?rest_route=%2Fwp%2Fv2%2Fcomments&post=522"}],"version-history":[{"count":41,"href":"https:\/\/neurologen-augsburg.de\/index.php?rest_route=\/wp\/v2\/pages\/522\/revisions"}],"predecessor-version":[{"id":825,"href":"https:\/\/neurologen-augsburg.de\/index.php?rest_route=\/wp\/v2\/pages\/522\/revisions\/825"}],"wp:attachment":[{"href":"https:\/\/neurologen-augsburg.de\/index.php?rest_route=%2Fwp%2Fv2%2Fmedia&parent=522"}],"curies":[{"name":"wp","href":"https:\/\/api.w.org\/{rel}","templated":true}]}}