{"id":4,"date":"2022-04-24T17:29:04","date_gmt":"2022-04-24T17:29:04","guid":{"rendered":"https:\/\/rgentner.de\/?page_id=4"},"modified":"2026-03-02T22:15:11","modified_gmt":"2026-03-02T22:15:11","slug":"willkommen-auf-https-rgentner-de","status":"publish","type":"page","link":"https:\/\/neurologen-augsburg.de\/","title":{"rendered":"Praxis f\u00fcr Neurologie in Augsburg"},"content":{"rendered":"\n<h1 class=\"wp-block-heading\" style=\"font-size:28px\">Praxis f\u00fcr Neurologie in Augsburg<\/h1>\n\n\n\n\n\n<br>\n\n\n\n<div class=\"wp-block-media-text is-stacked-on-mobile\" style=\"grid-template-columns:20% auto\"><figure class=\"wp-block-media-text__media\"><img loading=\"lazy\" decoding=\"async\" width=\"540\" height=\"540\" src=\"https:\/\/neurologen-augsburg.de\/wp-content\/uploads\/2025\/12\/ge_eb.jpg\" alt=\"\" class=\"wp-image-323 size-full\" srcset=\"https:\/\/neurologen-augsburg.de\/wp-content\/uploads\/2025\/12\/ge_eb.jpg 540w, https:\/\/neurologen-augsburg.de\/wp-content\/uploads\/2025\/12\/ge_eb-300x300.jpg 300w, https:\/\/neurologen-augsburg.de\/wp-content\/uploads\/2025\/12\/ge_eb-150x150.jpg 150w\" sizes=\"auto, (max-width: 540px) 100vw, 540px\" \/><\/figure><div class=\"wp-block-media-text__content\">\n<p class=\"has-text-align-left\"><br>Unsere Praxis steht f\u00fcr moderne Neurologie, pers\u00f6nliche Zuwendung und eine umfassende, kompetente Betreuung. Wir nehmen uns Zeit f\u00fcr Ihre Anliegen, begleiten Sie bei akuten Beschwerden ebenso wie bei chronischen neurologischen Erkrankungen und entwickeln gemeinsam mit Ihnen einen individuellen Behandlungsplan.<\/p>\n\n\n\n<p>Auf diesen Seiten finden Sie Informationen zu unserem Team, unseren diagnostischen und therapeutischen M\u00f6glichkeiten sowie zu organisatorischen Abl\u00e4ufen.<br>Unser Ziel ist es, Ihnen Orientierung und Sicherheit zu geben &#8211; von der Terminvereinbarung bis zur abgeschlossenen Behandlung.<\/p>\n\n\n\n<p>Wir sind f\u00fcr Sie da, damit Sie sich medizinisch wie menschlich gut aufgehoben f\u00fchlen.<\/p>\n<\/div><\/div>\n\n\n\n<br>\n\n\n\r\n\t\t<div  class=\"block-d9a836d5-29fa-4113-9ebd-a1e247a34789 card-group\">\r\n\t\t\t\n\r\n\t\t<div  class=\"block-f063e1f1-a9cd-4b03-a312-91b07d27798b card\">\r\n\t\t\t\n\r\n\t\t<div  class=\"block-247de51c-6c5a-485a-97f5-0f6d39df3603 card-header\">\r\n\t\t\t\n\n<h2 class=\"wp-block-heading has-medium-font-size\">Kontakt<\/h2>\n\n \r\n\t\t<\/div>\r\n\t\n\n\r\n\t\t<div  class=\"block-a6d3a204-0f1f-49ef-8718-b21f96a4b4d7 card-body\">\r\n\t\t\t\n\n<p>Dr. med. Doreen Gentner<br>Dr. med. Karl Ebertseder<\/p>\n\n\n\n<p>Bahnhofstra\u00dfe 29<br>86150 Augsburg<br><i class=\"bi bi-telephone\"><\/i> +49 821 510400<br><i class=\"bi bi-card-text\"><\/i> +49 821 35700<br><i class=\"bi bi-envelope\"><\/i> <a href=\"mailto:info@neurologen-augsburg.de\">info@neurologen-augsburg.de<\/a><\/p>\n\n \r\n\t\t<\/div>\r\n\t\n \r\n\t\t<\/div>\r\n\t\n\n\r\n\t\t<div  class=\"block-6c6c4da3-42d9-4a57-9e80-275e22d6162d card\">\r\n\t\t\t\n\r\n\t\t<div  class=\"block-32caecbe-7f1e-4b76-8be3-3d908b4456f5 card-header\">\r\n\t\t\t\n\n<h2 class=\"wp-block-heading has-text-color has-link-color has-medium-font-size wp-elements-a6182c5fd7b628d97ad74c2110aadba3\" style=\"color:#4e8686\">Sprechzeiten<\/h2>\n\n \r\n\t\t<\/div>\r\n\t\n\n\r\n\t\t<div  class=\"block-e9959cce-6068-4032-bdef-780d54be8c1f card-body\">\r\n\t\t\t\n\n<figure class=\"wp-block-table table, td, th {  border: none !important}\"><table><tbody><tr><td>Mo<\/td><td><small>08.00 &#8211; 13.00 Uhr<\/small><\/td><td><small>14.00 &#8211; 16.00&nbsp;Uhr<\/small><\/td><\/tr><tr><td><small>Di<\/small><\/td><td><small>08.00 &#8211; 13.00<\/small> Uhr<\/td><td><small>14.00 &#8211; 17.00&nbsp;Uhr<\/small><\/td><\/tr><tr><td><small>Mi<\/small><\/td><td><small>08.00 &#8211; 13.00<\/small> Uhr<\/td><td><\/td><\/tr><tr><td><small>Do<\/small><\/td><td><small>08.00 &#8211; 13.00<\/small> Uhr<\/td><td><\/td><\/tr><tr><td><small>Fr<\/small><\/td><td colspan=\"2\"><small>keine Sprechstunde<\/small><\/td><\/tr><\/tbody><\/table><\/figure>\n\n \r\n\t\t<\/div>\r\n\t\n \r\n\t\t<\/div>\r\n\t\n \r\n\t\t<\/div>\r\n\t\n\n\n<br>\n\n\n\n\n\n<p><\/p>\n","protected":false},"excerpt":{"rendered":"<p>Praxis f\u00fcr Neurologie in Augsburg Unsere Praxis steht f\u00fcr moderne Neurologie, pers\u00f6nliche Zuwendung und eine umfassende, kompetente Betreuung. Wir nehmen uns Zeit f\u00fcr Ihre Anliegen, begleiten Sie bei akuten Beschwerden &#8230;<\/p>\n","protected":false},"author":1,"featured_media":0,"parent":0,"menu_order":0,"comment_status":"closed","ping_status":"open","template":"","meta":{"footnotes":""},"class_list":["post-4","page","type-page","status-publish","hentry"],"_links":{"self":[{"href":"https:\/\/neurologen-augsburg.de\/index.php?rest_route=\/wp\/v2\/pages\/4","targetHints":{"allow":["GET"]}}],"collection":[{"href":"https:\/\/neurologen-augsburg.de\/index.php?rest_route=\/wp\/v2\/pages"}],"about":[{"href":"https:\/\/neurologen-augsburg.de\/index.php?rest_route=\/wp\/v2\/types\/page"}],"author":[{"embeddable":true,"href":"https:\/\/neurologen-augsburg.de\/index.php?rest_route=\/wp\/v2\/users\/1"}],"replies":[{"embeddable":true,"href":"https:\/\/neurologen-augsburg.de\/index.php?rest_route=%2Fwp%2Fv2%2Fcomments&post=4"}],"version-history":[{"count":187,"href":"https:\/\/neurologen-augsburg.de\/index.php?rest_route=\/wp\/v2\/pages\/4\/revisions"}],"predecessor-version":[{"id":815,"href":"https:\/\/neurologen-augsburg.de\/index.php?rest_route=\/wp\/v2\/pages\/4\/revisions\/815"}],"wp:attachment":[{"href":"https:\/\/neurologen-augsburg.de\/index.php?rest_route=%2Fwp%2Fv2%2Fmedia&parent=4"}],"curies":[{"name":"wp","href":"https:\/\/api.w.org\/{rel}","templated":true}]}}