{"id":192,"date":"2025-12-12T22:09:39","date_gmt":"2025-12-12T22:09:39","guid":{"rendered":"https:\/\/rgentner.de\/?page_id=192"},"modified":"2025-12-13T15:08:28","modified_gmt":"2025-12-13T15:08:28","slug":"impressum","status":"publish","type":"page","link":"https:\/\/neurologen-augsburg.de\/?page_id=192","title":{"rendered":"Impressum"},"content":{"rendered":"\n<p class=\"has-text-color has-link-color has-large-font-size wp-elements-27b7262cf650abbad7444d95ce601b4a\" style=\"color:#4e8686\">Impressum<\/p>\n\n\n\n<h4 class=\"wp-block-heading\">Angaben gem\u00e4\u00df \u00a7 5 TMG<\/h4>\n\n\n\n<p>Dr. med. Doreen Gentner<br>Fach\u00e4rztin f\u00fcr Neurologie<br>Bahnhofstr. 29<br>86150 Augsburg<\/p>\n\n\n\n<br>\n\n\n\n<h4 class=\"wp-block-heading\">Kontakt<\/h4>\n\n\n\n<p>Telefon: +49 821 510400<br>E-Mail: info@neurologen-augsburg.de<\/p>\n\n\n\n<br>\n\n\n\n<h4 class=\"wp-block-heading\">Aufsichtsbeh\u00f6rde<\/h4>\n\n\n\n<p>Bayerische Landes\u00e4rztekammer<br>M\u00fchl\u00adbaur\u00adstra\u00dfe 16<br>81677 M\u00fcnchen<\/p>\n\n\n\n<p><a href=\"http:\/\/www.blaek.de\" target=\"_blank\" rel=\"noreferrer noopener\">http:\/\/www.blaek.de<\/a><\/p>\n\n\n\n<br>\n\n\n\n<h4 class=\"wp-block-heading\">Berufsbezeichnung und berufsrechtliche Regelungen<\/h4>\n\n\n\n<p>Zust\u00e4ndige Kammer: Landes\u00e4rztekammer<br>Verliehen in: Bayern<\/p>\n\n\n\n<p>Es gelten folgende berufsrechtliche Regelungen:<\/p>\n\n\n\n<p>Berufsordnung f\u00fcr \u00c4rzte einsehbar unter: <a href=\"http:\/\/blaek.de\" target=\"_blank\" rel=\"noreferrer noopener\">http:\/\/blaek.de<\/a><\/p>\n\n\n\n<p>Fotos: Michael Pretis, Augsburg<\/p>\n","protected":false},"excerpt":{"rendered":"<p>Impressum Angaben gem\u00e4\u00df \u00a7 5 TMG Dr. med. Doreen GentnerFach\u00e4rztin f\u00fcr NeurologieBahnhofstr. 2986150 Augsburg Kontakt Telefon: +49 821 510400E-Mail: info@neurologen-augsburg.de Aufsichtsbeh\u00f6rde Bayerische Landes\u00e4rztekammerM\u00fchl\u00adbaur\u00adstra\u00dfe 1681677 M\u00fcnchen http:\/\/www.blaek.de Berufsbezeichnung und berufsrechtliche Regelungen &#8230;<\/p>\n","protected":false},"author":1,"featured_media":0,"parent":0,"menu_order":0,"comment_status":"closed","ping_status":"closed","template":"","meta":{"footnotes":""},"class_list":["post-192","page","type-page","status-publish","hentry"],"_links":{"self":[{"href":"https:\/\/neurologen-augsburg.de\/index.php?rest_route=\/wp\/v2\/pages\/192","targetHints":{"allow":["GET"]}}],"collection":[{"href":"https:\/\/neurologen-augsburg.de\/index.php?rest_route=\/wp\/v2\/pages"}],"about":[{"href":"https:\/\/neurologen-augsburg.de\/index.php?rest_route=\/wp\/v2\/types\/page"}],"author":[{"embeddable":true,"href":"https:\/\/neurologen-augsburg.de\/index.php?rest_route=\/wp\/v2\/users\/1"}],"replies":[{"embeddable":true,"href":"https:\/\/neurologen-augsburg.de\/index.php?rest_route=%2Fwp%2Fv2%2Fcomments&post=192"}],"version-history":[{"count":5,"href":"https:\/\/neurologen-augsburg.de\/index.php?rest_route=\/wp\/v2\/pages\/192\/revisions"}],"predecessor-version":[{"id":465,"href":"https:\/\/neurologen-augsburg.de\/index.php?rest_route=\/wp\/v2\/pages\/192\/revisions\/465"}],"wp:attachment":[{"href":"https:\/\/neurologen-augsburg.de\/index.php?rest_route=%2Fwp%2Fv2%2Fmedia&parent=192"}],"curies":[{"name":"wp","href":"https:\/\/api.w.org\/{rel}","templated":true}]}}